{"id":1762,"date":"2023-01-03T15:30:47","date_gmt":"2023-01-03T15:30:47","guid":{"rendered":"https:\/\/orahotelpriorat.com\/?page_id=1762"},"modified":"2025-10-15T21:50:30","modified_gmt":"2025-10-15T20:50:30","slug":"experiences","status":"publish","type":"page","link":"https:\/\/orahotelpriorat.com\/ca\/experiences\/","title":{"rendered":"Experi\u00e8ncies"},"content":{"rendered":"<section\n    class=\"row container spacing  image-margin-14\"\n    id=\"block_4c5bc91ebf906decb80ffea9b632c880\"\n        >\n                        <div class=\"column-content images-landscape flex justify-center flex-wrap\" data-aos=\"fade-up\">\n                            <div class=\"content-lockup\">\n                                            <div class=\"column-content-img img-abs\" data-aos=\"fade-up\">\n                            <img decoding=\"async\"\n                        src=\"data:image\/gif;base64,R0lGODlhAQABAIAAAMLCwgAAACH5BAAAAAAALAAAAAABAAEAAAICRAEAOw==\"\n            data-src=\"https:\/\/orahotelpriorat.com\/wp-content\/uploads\/2024\/05\/Hotel-Ora-Priorat-03736-800x533.jpg\"\n                onerror=\"this.onerror=null; this.src='data:image\/gif;base64,R0lGODlhAQABAIAAAMLCwgAAACH5BAAAAAAALAAAAAABAAEAAAICRAEAOw=='; this.srcset='data:image\/gif;base64,R0lGODlhAQABAIAAAMLCwgAAACH5BAAAAAAALAAAAAABAAEAAAICRAEAOw=='\"\n    alt=\"Hotel Ora Priorat-03736\"\n    width=\"800\"\n    height=\"533\"\n    loading=\"lazy\"\n    class=\"object-fit        lazyload\"\n                data-srcset=\"https:\/\/orahotelpriorat.com\/wp-content\/uploads\/2024\/05\/Hotel-Ora-Priorat-03736-188x125.jpg 188w, https:\/\/orahotelpriorat.com\/wp-content\/uploads\/2024\/05\/Hotel-Ora-Priorat-03736-375x250.jpg 375w, https:\/\/orahotelpriorat.com\/wp-content\/uploads\/2024\/05\/Hotel-Ora-Priorat-03736-500x333.jpg 500w, https:\/\/orahotelpriorat.com\/wp-content\/uploads\/2024\/05\/Hotel-Ora-Priorat-03736-640x427.jpg 640w, https:\/\/orahotelpriorat.com\/wp-content\/uploads\/2024\/05\/Hotel-Ora-Priorat-03736-800x533.jpg 800w, https:\/\/orahotelpriorat.com\/wp-content\/uploads\/2024\/05\/Hotel-Ora-Priorat-03736-1024x683.jpg 1024w, https:\/\/orahotelpriorat.com\/wp-content\/uploads\/2024\/05\/Hotel-Ora-Priorat-03736-1367x912.jpg 1367w, https:\/\/orahotelpriorat.com\/wp-content\/uploads\/2024\/05\/Hotel-Ora-Priorat-03736-1920x1280.jpg 1920w, https:\/\/orahotelpriorat.com\/wp-content\/uploads\/2024\/05\/Hotel-Ora-Priorat-03736.jpg 2200w\"\n    \n    data-sizes=\"(max-width: 48em) 85vw, (max-width: 64em) 26vw, (min-width: 64em) 26vw\">\n                        <\/div>\n                    \n                    <div class=\"column-content-content\">\n                        \n                        \n                        <div data-aos=\"fade-up\">    \n                                                    <\/div>\n                        \n                                            <\/div>\n                <\/div>\n                            <div class=\"content-lockup\">\n                    \n                    <div class=\"column-content-content\">\n                        \n                        \n                        <div data-aos=\"fade-up\">    \n                            <p><!-- wp:paragraph --><\/p>\n<h3 style=\"text-align: left\">Visita a una Vinya<\/h3>\n<p style=\"text-align: left\">Descobreix el Priorat a trav\u00e9s de les seves vinyes m\u00e9s prestigioses i experimenta la diversitat de perspectives i t\u00e8cniques utilitzades en l\u2019elaboraci\u00f3 dels seus vins.<\/p>\n<p style=\"text-align: left\"><!-- \/wp:paragraph --><\/p>\n<p style=\"text-align: left\"><!-- wp:paragraph --><\/p>\n<p style=\"text-align: left\">El clima, el terreny i el s\u00f2l (llicorella) determinen cada any la qualitat i els matisos dels vins de la regi\u00f3. Per aix\u00f2, els vins del Priorat tenen una personalitat \u00fanica, reconeguda pels coneixedors de tot el m\u00f3n.<\/p>\n<p style=\"text-align: left\"><!-- \/wp:paragraph --><\/p>\n<p style=\"text-align: left\"><!-- wp:paragraph --><\/p>\n<p style=\"text-align: left\"><!-- \/wp:paragraph --><\/p>\n<p style=\"text-align: left\"><!-- wp:paragraph --><\/p>\n<p style=\"text-align: left\">Treballem directament amb un gran nombre de cellers del Priorat, especialment amb els m\u00e9s reconeguts, per oferir diferents alternatives als clients de l\u2019hotel.\nNo dubteu a contactar amb nosaltres per reservar una visita a la vinya o per a qualsevol consulta. Les reserves s\u00f3n segons disponibilitat.<\/p>\n<p style=\"text-align: left\"><!-- \/wp:paragraph --><\/p>\n<p style=\"text-align: left\"><!-- wp:paragraph --><\/p>\n<p style=\"text-align: left\"><!-- \/wp:paragraph --><\/p>\n<p style=\"text-align: left\"><!-- wp:paragraph --><\/p>\n<p><!-- \/wp:paragraph --><\/p>\n                        <\/div>\n                        \n                                            <\/div>\n                <\/div>\n                    <\/div>\n    <\/section>\n    \n\n    <section\n    class=\"row container spacing  image-margin-14\"\n    id=\"block_dad2ddfc4ae47f3b1ef073517bc5e2a4\"\n        >\n                        <div class=\"column-content images-landscape flex justify-center flex-wrap\" data-aos=\"fade-up\">\n                            <div class=\"content-lockup\">\n                    \n                    <div class=\"column-content-content\">\n                        \n                        \n                        <div data-aos=\"fade-up\">    \n                            <p><!-- wp:paragraph --><\/p>\n<h3 style=\"text-align: left\">Reserva un Restaurant<\/h3>\n<p style=\"text-align: left\">Al restaurant de l\u2019ORA Hotel, podeu gaudir d\u2019una opci\u00f3 de sopar lleuger amb una selecci\u00f3 acurada de productes locals, com embotits artesanals i un plat de pernil ib\u00e8ric de gla, maridats amb alguns dels millors vins del Priorat.\n(Si us plau, feu la reserva abans de les 17.00 h.)<\/p>\n<p style=\"text-align: left\">Tamb\u00e9 col\u00b7laborem amb els millors restaurants del Priorat, que ofereixen propostes gastron\u00f2miques diverses elaborades amb productes de proximitat i de primera qualitat, amb l\u2019objectiu d\u2019oferir als nostres clients una experi\u00e8ncia sensorial \u00fanica.<\/p>\n<p style=\"text-align: left\">No dubteu a contactar-nos per reservar un restaurant o per a qualsevol consulta que pugueu tenir.\nLes reserves estan subjectes a disponibilitat.<\/p>\n<p style=\"text-align: left\"><!-- \/wp:paragraph --><\/p>\n<p style=\"text-align: left\"><!-- wp:paragraph --><\/p>\n<p><!-- \/wp:paragraph --><\/p>\n                        <\/div>\n                        \n                                            <\/div>\n                <\/div>\n                            <div class=\"content-lockup\">\n                                            <div class=\"column-content-img img-abs\" data-aos=\"fade-up\">\n                            <img decoding=\"async\"\n                        src=\"data:image\/gif;base64,R0lGODlhAQABAIAAAMLCwgAAACH5BAAAAAAALAAAAAABAAEAAAICRAEAOw==\"\n            data-src=\"https:\/\/orahotelpriorat.com\/wp-content\/uploads\/2025\/10\/LIGHT-DINNER-800x1067.jpg\"\n                onerror=\"this.onerror=null; this.src='data:image\/gif;base64,R0lGODlhAQABAIAAAMLCwgAAACH5BAAAAAAALAAAAAABAAEAAAICRAEAOw=='; this.srcset='data:image\/gif;base64,R0lGODlhAQABAIAAAMLCwgAAACH5BAAAAAAALAAAAAABAAEAAAICRAEAOw=='\"\n    alt=\"LIGHT DINNER\"\n    width=\"800\"\n    height=\"1067\"\n    loading=\"lazy\"\n    class=\"object-fit        lazyload\"\n                data-srcset=\"https:\/\/orahotelpriorat.com\/wp-content\/uploads\/2025\/10\/LIGHT-DINNER-188x251.jpg 188w, https:\/\/orahotelpriorat.com\/wp-content\/uploads\/2025\/10\/LIGHT-DINNER-375x500.jpg 375w, https:\/\/orahotelpriorat.com\/wp-content\/uploads\/2025\/10\/LIGHT-DINNER-500x667.jpg 500w, https:\/\/orahotelpriorat.com\/wp-content\/uploads\/2025\/10\/LIGHT-DINNER-640x853.jpg 640w, https:\/\/orahotelpriorat.com\/wp-content\/uploads\/2025\/10\/LIGHT-DINNER-800x1067.jpg 800w, https:\/\/orahotelpriorat.com\/wp-content\/uploads\/2025\/10\/LIGHT-DINNER-1024x1365.jpg 1024w, https:\/\/orahotelpriorat.com\/wp-content\/uploads\/2025\/10\/LIGHT-DINNER-1367x1823.jpg 1367w, https:\/\/orahotelpriorat.com\/wp-content\/uploads\/2025\/10\/LIGHT-DINNER.jpg 1920w, https:\/\/orahotelpriorat.com\/wp-content\/uploads\/2025\/10\/LIGHT-DINNER.jpg 2200w\"\n    \n    data-sizes=\"(max-width: 48em) 85vw, (max-width: 64em) 26vw, (min-width: 64em) 26vw\">\n                        <\/div>\n                    \n                    <div class=\"column-content-content\">\n                        \n                        \n                        <div data-aos=\"fade-up\">    \n                                                    <\/div>\n                        \n                                            <\/div>\n                <\/div>\n                    <\/div>\n    <\/section>\n    \n\n    <section\n    class=\"row container spacing  image-margin-14\"\n    id=\"block_039d6dc2e03c0795fb338fd68b94d476\"\n        >\n                        <div class=\"column-content images-landscape flex justify-center flex-wrap\" data-aos=\"fade-up\">\n                            <div class=\"content-lockup\">\n                                            <div class=\"column-content-img img-abs\" data-aos=\"fade-up\">\n                            <img decoding=\"async\"\n                        src=\"data:image\/gif;base64,R0lGODlhAQABAIAAAMLCwgAAACH5BAAAAAAALAAAAAABAAEAAAICRAEAOw==\"\n            data-src=\"https:\/\/orahotelpriorat.com\/wp-content\/uploads\/2020\/10\/Fotos-Ora-Hotel-Sesio\u0301n-01-05-800x533.jpg\"\n                onerror=\"this.onerror=null; this.src='data:image\/gif;base64,R0lGODlhAQABAIAAAMLCwgAAACH5BAAAAAAALAAAAAABAAEAAAICRAEAOw=='; this.srcset='data:image\/gif;base64,R0lGODlhAQABAIAAAMLCwgAAACH5BAAAAAAALAAAAAABAAEAAAICRAEAOw=='\"\n    alt=\"View of the vineyards\"\n    width=\"800\"\n    height=\"533\"\n    loading=\"lazy\"\n    class=\"object-fit        lazyload\"\n                data-srcset=\"https:\/\/orahotelpriorat.com\/wp-content\/uploads\/2020\/10\/Fotos-Ora-Hotel-Sesio\u0301n-01-05-188x125.jpg 188w, https:\/\/orahotelpriorat.com\/wp-content\/uploads\/2020\/10\/Fotos-Ora-Hotel-Sesio\u0301n-01-05-375x250.jpg 375w, https:\/\/orahotelpriorat.com\/wp-content\/uploads\/2020\/10\/Fotos-Ora-Hotel-Sesio\u0301n-01-05-500x333.jpg 500w, https:\/\/orahotelpriorat.com\/wp-content\/uploads\/2020\/10\/Fotos-Ora-Hotel-Sesio\u0301n-01-05-640x427.jpg 640w, https:\/\/orahotelpriorat.com\/wp-content\/uploads\/2020\/10\/Fotos-Ora-Hotel-Sesio\u0301n-01-05-800x533.jpg 800w, https:\/\/orahotelpriorat.com\/wp-content\/uploads\/2020\/10\/Fotos-Ora-Hotel-Sesio\u0301n-01-05-1024x683.jpg 1024w, https:\/\/orahotelpriorat.com\/wp-content\/uploads\/2020\/10\/Fotos-Ora-Hotel-Sesio\u0301n-01-05-1367x912.jpg 1367w, https:\/\/orahotelpriorat.com\/wp-content\/uploads\/2020\/10\/Fotos-Ora-Hotel-Sesio\u0301n-01-05-1920x1280.jpg 1920w, https:\/\/orahotelpriorat.com\/wp-content\/uploads\/2020\/10\/Fotos-Ora-Hotel-Sesio\u0301n-01-05.jpg 2200w\"\n    \n    data-sizes=\"(max-width: 48em) 85vw, (max-width: 64em) 26vw, (min-width: 64em) 26vw\">\n                        <\/div>\n                    \n                    <div class=\"column-content-content\">\n                        \n                        \n                        <div data-aos=\"fade-up\">    \n                                                    <\/div>\n                        \n                                            <\/div>\n                <\/div>\n                            <div class=\"content-lockup\">\n                    \n                    <div class=\"column-content-content\">\n                        \n                        \n                        <div data-aos=\"fade-up\">    \n                            <p><!-- wp:paragraph --><\/p>\n<h3 style=\"text-align: left\">Natura i Relaxaci\u00f3<\/h3>\n<p style=\"text-align: left\">Torroja del Priorat, amb una extensi\u00f3 de 13,05 km\u00b2, est\u00e0 travessat pel riu Siurana. Tamb\u00e9 compta amb diversos barrancs, fonts i pous que abasteixen d\u2019aigua la vida del poble.<\/p>\n<p style=\"text-align: left\">\u00c9s un territori for\u00e7a accidentat, format per pissarres ideals per el cultiu de vinya. Envoltat de valls de vinyes i oliveres, on es pot gaudir plenament de la natura.<\/p>\n<p style=\"text-align: left\">Un lloc ideal per perdre\u2019s pels seus innombrables camins per fer senderisme o rec\u00f3rrer les seves carreteres infinites en bicicleta.<\/p>\n<p style=\"text-align: left\">Promovem el turisme sostenible i oferim diferents alternatives per connectar amb la natura a trav\u00e9s dels racons i senders que envolten el nostre poble.<\/p>\n<p style=\"text-align: left\"><!-- \/wp:paragraph --><\/p>\n<p style=\"text-align: left\"><!-- wp:paragraph --><\/p>\n<p><!-- \/wp:paragraph --><\/p>\n                        <\/div>\n                        \n                                            <\/div>\n                <\/div>\n                    <\/div>\n    <\/section>","protected":false},"excerpt":{"rendered":"","protected":false},"author":4,"featured_media":0,"parent":0,"menu_order":0,"comment_status":"closed","ping_status":"closed","template":"","meta":{"_acf_changed":true,"footnotes":""},"class_list":["post-1762","page","type-page","status-publish","hentry"],"acf":[],"yoast_head":"<!-- This site is optimized with the Yoast SEO plugin v24.3 - https:\/\/yoast.com\/wordpress\/plugins\/seo\/ -->\n<title>Experiences - Ora Hotel Priorat<\/title>\n<meta name=\"robots\" content=\"index, follow, max-snippet:-1, max-image-preview:large, max-video-preview:-1\" \/>\n<link rel=\"canonical\" href=\"https:\/\/orahotelpriorat.com\/ca\/experiences\/\" \/>\n<meta property=\"og:locale\" content=\"ca_ES\" \/>\n<meta property=\"og:type\" content=\"article\" \/>\n<meta property=\"og:title\" content=\"Experiences - Ora Hotel Priorat\" \/>\n<meta property=\"og:url\" content=\"https:\/\/orahotelpriorat.com\/ca\/experiences\/\" \/>\n<meta property=\"og:site_name\" content=\"Ora Hotel Priorat\" \/>\n<meta property=\"article:modified_time\" content=\"2025-10-15T20:50:30+00:00\" \/>\n<meta name=\"twitter:card\" content=\"summary_large_image\" \/>\n<script type=\"application\/ld+json\" class=\"yoast-schema-graph\">{\"@context\":\"https:\/\/schema.org\",\"@graph\":[{\"@type\":\"WebPage\",\"@id\":\"https:\/\/orahotelpriorat.com\/experiences\/\",\"url\":\"https:\/\/orahotelpriorat.com\/experiences\/\",\"name\":\"Experiences - Ora Hotel Priorat\",\"isPartOf\":{\"@id\":\"https:\/\/https\/\/orapriorat.up-dev.com\/#website\"},\"datePublished\":\"2023-01-03T15:30:47+00:00\",\"dateModified\":\"2025-10-15T20:50:30+00:00\",\"breadcrumb\":{\"@id\":\"https:\/\/orahotelpriorat.com\/experiences\/#breadcrumb\"},\"inLanguage\":\"ca\",\"potentialAction\":[{\"@type\":\"ReadAction\",\"target\":[\"https:\/\/orahotelpriorat.com\/experiences\/\"]}]},{\"@type\":\"BreadcrumbList\",\"@id\":\"https:\/\/orahotelpriorat.com\/experiences\/#breadcrumb\",\"itemListElement\":[{\"@type\":\"ListItem\",\"position\":1,\"name\":\"Home\",\"item\":\"https:\/\/orahotelpriorat.com\/\"},{\"@type\":\"ListItem\",\"position\":2,\"name\":\"Experiences\"}]},{\"@type\":\"WebSite\",\"@id\":\"https:\/\/https\/\/orapriorat.up-dev.com\/#website\",\"url\":\"https:\/\/https\/\/orapriorat.up-dev.com\/\",\"name\":\"Ora Hotel Priorat\",\"description\":\"Glorious Gutenberg\",\"potentialAction\":[{\"@type\":\"SearchAction\",\"target\":{\"@type\":\"EntryPoint\",\"urlTemplate\":\"https:\/\/https\/\/orapriorat.up-dev.com\/?s={search_term_string}\"},\"query-input\":{\"@type\":\"PropertyValueSpecification\",\"valueRequired\":true,\"valueName\":\"search_term_string\"}}],\"inLanguage\":\"ca\"}]}<\/script>\n<!-- \/ Yoast SEO plugin. -->","yoast_head_json":{"title":"Experiences - Ora Hotel Priorat","robots":{"index":"index","follow":"follow","max-snippet":"max-snippet:-1","max-image-preview":"max-image-preview:large","max-video-preview":"max-video-preview:-1"},"canonical":"https:\/\/orahotelpriorat.com\/ca\/experiences\/","og_locale":"ca_ES","og_type":"article","og_title":"Experiences - Ora Hotel Priorat","og_url":"https:\/\/orahotelpriorat.com\/ca\/experiences\/","og_site_name":"Ora Hotel Priorat","article_modified_time":"2025-10-15T20:50:30+00:00","twitter_card":"summary_large_image","schema":{"@context":"https:\/\/schema.org","@graph":[{"@type":"WebPage","@id":"https:\/\/orahotelpriorat.com\/experiences\/","url":"https:\/\/orahotelpriorat.com\/experiences\/","name":"Experiences - Ora Hotel Priorat","isPartOf":{"@id":"https:\/\/https\/\/orapriorat.up-dev.com\/#website"},"datePublished":"2023-01-03T15:30:47+00:00","dateModified":"2025-10-15T20:50:30+00:00","breadcrumb":{"@id":"https:\/\/orahotelpriorat.com\/experiences\/#breadcrumb"},"inLanguage":"ca","potentialAction":[{"@type":"ReadAction","target":["https:\/\/orahotelpriorat.com\/experiences\/"]}]},{"@type":"BreadcrumbList","@id":"https:\/\/orahotelpriorat.com\/experiences\/#breadcrumb","itemListElement":[{"@type":"ListItem","position":1,"name":"Home","item":"https:\/\/orahotelpriorat.com\/"},{"@type":"ListItem","position":2,"name":"Experiences"}]},{"@type":"WebSite","@id":"https:\/\/https\/\/orapriorat.up-dev.com\/#website","url":"https:\/\/https\/\/orapriorat.up-dev.com\/","name":"Ora Hotel Priorat","description":"Glorious Gutenberg","potentialAction":[{"@type":"SearchAction","target":{"@type":"EntryPoint","urlTemplate":"https:\/\/https\/\/orapriorat.up-dev.com\/?s={search_term_string}"},"query-input":{"@type":"PropertyValueSpecification","valueRequired":true,"valueName":"search_term_string"}}],"inLanguage":"ca"}]}},"_links":{"self":[{"href":"https:\/\/orahotelpriorat.com\/ca\/wp-json\/wp\/v2\/pages\/1762","targetHints":{"allow":["GET"]}}],"collection":[{"href":"https:\/\/orahotelpriorat.com\/ca\/wp-json\/wp\/v2\/pages"}],"about":[{"href":"https:\/\/orahotelpriorat.com\/ca\/wp-json\/wp\/v2\/types\/page"}],"author":[{"embeddable":true,"href":"https:\/\/orahotelpriorat.com\/ca\/wp-json\/wp\/v2\/users\/4"}],"replies":[{"embeddable":true,"href":"https:\/\/orahotelpriorat.com\/ca\/wp-json\/wp\/v2\/comments?post=1762"}],"version-history":[{"count":0,"href":"https:\/\/orahotelpriorat.com\/ca\/wp-json\/wp\/v2\/pages\/1762\/revisions"}],"wp:attachment":[{"href":"https:\/\/orahotelpriorat.com\/ca\/wp-json\/wp\/v2\/media?parent=1762"}],"curies":[{"name":"wp","href":"https:\/\/api.w.org\/{rel}","templated":true}]}}