{"id":1727,"date":"2023-01-03T15:09:56","date_gmt":"2023-01-03T15:09:56","guid":{"rendered":"https:\/\/orahotelpriorat.com\/?page_id=1727"},"modified":"2025-10-15T21:53:33","modified_gmt":"2025-10-15T20:53:33","slug":"restaurant-wine","status":"publish","type":"page","link":"https:\/\/orahotelpriorat.com\/ca\/restaurant-wine\/","title":{"rendered":"Restaurant i Vi"},"content":{"rendered":"<section\n    class=\"row container banner-block  flex justify-center items-center flex-col theme--image darken-image\"\n    id=\"block_ea874f04b69063e5853c1634ae42b0c5\"\n        >\n                    <div class=\"block-bg-img\">\n                <img decoding=\"async\"\n                        src=\"https:\/\/orahotelpriorat.com\/wp-content\/uploads\/2024\/05\/Hotel-Ora-Priorat-1714-1920x1280.jpg\"\n                onerror=\"this.onerror=null; this.src='data:image\/gif;base64,R0lGODlhAQABAIAAAMLCwgAAACH5BAAAAAAALAAAAAABAAEAAAICRAEAOw=='; this.srcset='data:image\/gif;base64,R0lGODlhAQABAIAAAMLCwgAAACH5BAAAAAAALAAAAAABAAEAAAICRAEAOw=='\"\n    alt=\"Hotel Ora Priorat-1714\"\n    width=\"1920\"\n    height=\"1280\"\n    loading=\"lazy\"\n    class=\"object-fit\"\n                srcset=\"https:\/\/orahotelpriorat.com\/wp-content\/uploads\/2024\/05\/Hotel-Ora-Priorat-1714-188x125.jpg 188w, https:\/\/orahotelpriorat.com\/wp-content\/uploads\/2024\/05\/Hotel-Ora-Priorat-1714-375x250.jpg 375w, https:\/\/orahotelpriorat.com\/wp-content\/uploads\/2024\/05\/Hotel-Ora-Priorat-1714-500x333.jpg 500w, https:\/\/orahotelpriorat.com\/wp-content\/uploads\/2024\/05\/Hotel-Ora-Priorat-1714-640x427.jpg 640w, https:\/\/orahotelpriorat.com\/wp-content\/uploads\/2024\/05\/Hotel-Ora-Priorat-1714-800x533.jpg 800w, https:\/\/orahotelpriorat.com\/wp-content\/uploads\/2024\/05\/Hotel-Ora-Priorat-1714-1024x683.jpg 1024w, https:\/\/orahotelpriorat.com\/wp-content\/uploads\/2024\/05\/Hotel-Ora-Priorat-1714-1367x912.jpg 1367w, https:\/\/orahotelpriorat.com\/wp-content\/uploads\/2024\/05\/Hotel-Ora-Priorat-1714-1920x1280.jpg 1920w, https:\/\/orahotelpriorat.com\/wp-content\/uploads\/2024\/05\/Hotel-Ora-Priorat-1714.jpg 2200w\"\n    \n    sizes=\"auto, (max-width: 48em) 100vw, (max-width: 64em) 100vw, (min-width: 64em) 100vw\">\n            <\/div>\n                        <div class=\"banner-content-block content-bottom\">\n                                        <h1 class=\"mb-12\">Restaurant i Vi<\/h1>\n                                                            <\/div>\n            <\/section>\n    \n\n    <section\n    class=\"row spacing  container\"\n    id=\"block_3c37d886a797b9882a14f622f4ac2ef3\"\n    data-aos=\"fade-up\"\n        >\n                        <div class=\"content-min-block text-align-center\">\n                            <h2 data-aos=\"fade-up\">Deixa\u2019t portar per l\u2019ess\u00e8ncia dels vins del Priorat.\nGaudeix d\u2019una selecci\u00f3 dels millors vins de la comarca al nostre celler o als nostres salons.<\/h2>\n                                                    <div class=\"icon\" data-aos=\"fade-up\"><\/div>\n                    <\/div>\n    <\/section>\n    \n\n    <section\n    class=\"row spacing img-content-row theme--default\"\n    id=\"block_4e944ea2728b54361229b57c993bf367\"\n        >\n                        <div class=\"img-content container text-image\">\n            <div class=\"img\" data-aos=\"fade-up\">\n                                    <div class=\"image-carousel js-image-carousel img-abs\">\n                                                    <img decoding=\"async\"\n                        src=\"data:image\/gif;base64,R0lGODlhAQABAIAAAMLCwgAAACH5BAAAAAAALAAAAAABAAEAAAICRAEAOw==\"\n            data-src=\"https:\/\/orahotelpriorat.com\/wp-content\/uploads\/2024\/05\/Hotel-Ora-Priorat-03646-1367x912.jpg\"\n                onerror=\"this.onerror=null; this.src='data:image\/gif;base64,R0lGODlhAQABAIAAAMLCwgAAACH5BAAAAAAALAAAAAABAAEAAAICRAEAOw=='; this.srcset='data:image\/gif;base64,R0lGODlhAQABAIAAAMLCwgAAACH5BAAAAAAALAAAAAABAAEAAAICRAEAOw=='\"\n    alt=\"Hotel Ora Priorat-03646\"\n    width=\"1367\"\n    height=\"912\"\n    loading=\"lazy\"\n    class=\"object-fit        lazyload\"\n                data-srcset=\"https:\/\/orahotelpriorat.com\/wp-content\/uploads\/2024\/05\/Hotel-Ora-Priorat-03646-188x125.jpg 188w, https:\/\/orahotelpriorat.com\/wp-content\/uploads\/2024\/05\/Hotel-Ora-Priorat-03646-375x250.jpg 375w, https:\/\/orahotelpriorat.com\/wp-content\/uploads\/2024\/05\/Hotel-Ora-Priorat-03646-500x333.jpg 500w, https:\/\/orahotelpriorat.com\/wp-content\/uploads\/2024\/05\/Hotel-Ora-Priorat-03646-640x427.jpg 640w, https:\/\/orahotelpriorat.com\/wp-content\/uploads\/2024\/05\/Hotel-Ora-Priorat-03646-800x533.jpg 800w, https:\/\/orahotelpriorat.com\/wp-content\/uploads\/2024\/05\/Hotel-Ora-Priorat-03646-1024x683.jpg 1024w, https:\/\/orahotelpriorat.com\/wp-content\/uploads\/2024\/05\/Hotel-Ora-Priorat-03646-1367x912.jpg 1367w, https:\/\/orahotelpriorat.com\/wp-content\/uploads\/2024\/05\/Hotel-Ora-Priorat-03646-1920x1280.jpg 1920w, https:\/\/orahotelpriorat.com\/wp-content\/uploads\/2024\/05\/Hotel-Ora-Priorat-03646.jpg 2200w\"\n    \n    data-sizes=\"(max-width: 48em) 85vw, (max-width: 64em) 42vw, (min-width: 64em) 42vw\">\n                                            <\/div>\n                    \n                                                <\/div>\n\n            <div class=\"content\">\n                <div class=\"content-inner\">\n                                        <header>\n                                                    <h2 data-aos=\"fade-up\">El nostre Celler de Vins<\/h2>\n                                            <\/header>\n\n                    <article class=\"content-wrap\" data-aos=\"fade-up\" data-aos-delay=\"150\">\n                        <p>Un espai on relaxar-se i gaudir de l\u2019experi\u00e8ncia del vi sense presses, descobrint les arrels i la hist\u00f2ria del Priorat a trav\u00e9s de les subtileses dels seus vins en un ambient r\u00fastic i sofisticat.<\/p>\n<p>El coneixement del vi enriqueix: tant per al gaudi personal al restaurant o a casa, com per a enriquir les nostres relacions. Degustar un vi permet apreciar-lo en tota la seva amplitud, valorant els matisos de color, sabor i aroma.\nLa D.O.Q. Priorat ha aconseguit un prestigi merescut amb el reconeixement internacional dels seus vins. Per\u00f2 sobretot, l\u2019alta qualitat enol\u00f2gica de la zona ha atret persones del sector vin\u00edcola i visitants de tot el m\u00f3n, ansiosos de tastar i produir vins d\u2019alta qualitat.\nLa terra excepcional \u2014entorn natural, paisatge, cultura i gastronomia tradicional\u2014 juntament amb la qualitat dels vins i la gent del Priorat, s\u00f3n motius m\u00e9s que suficients per visitar la regi\u00f3. <em>D.O.Q. PRIORAT<\/em> has gained merited prestige with the international recognition of its wines. But above all, the proven high oenological quality of the area has attracted many people, both from the vinicultural sector and from abroad: all eager not to miss the opportunity to taste and to produce top-class wines. The exceptional land (natural environment, landscape, culture and traditional cuisine), the quality of the wine and people of the Priorat are in themselves all an excellent pretext for visiting the region.<\/p>\n                    <\/article>\n                    \n                                    <\/div>\n            <\/div>\n        <\/div>\n    <\/section>\n    \n\n    <section\n    class=\"row spacing img-content-row theme--default\"\n    id=\"block_0959a9b2658759061e504928da67c68a\"\n        >\n                        <div class=\"img-content container image-text\">\n            <div class=\"img\" data-aos=\"fade-up\">\n                                    <div class=\"image-carousel js-image-carousel img-abs\">\n                                                    <img decoding=\"async\"\n                        src=\"data:image\/gif;base64,R0lGODlhAQABAIAAAMLCwgAAACH5BAAAAAAALAAAAAABAAEAAAICRAEAOw==\"\n            data-src=\"https:\/\/orahotelpriorat.com\/wp-content\/uploads\/2025\/10\/Ora-restaurant-1367x2050.jpg\"\n                onerror=\"this.onerror=null; this.src='data:image\/gif;base64,R0lGODlhAQABAIAAAMLCwgAAACH5BAAAAAAALAAAAAABAAEAAAICRAEAOw=='; this.srcset='data:image\/gif;base64,R0lGODlhAQABAIAAAMLCwgAAACH5BAAAAAAALAAAAAABAAEAAAICRAEAOw=='\"\n    alt=\"ORA Priorat\"\n    width=\"1367\"\n    height=\"2050\"\n    loading=\"lazy\"\n    class=\"object-fit        lazyload\"\n                data-srcset=\"https:\/\/orahotelpriorat.com\/wp-content\/uploads\/2025\/10\/Ora-restaurant-188x282.jpg 188w, https:\/\/orahotelpriorat.com\/wp-content\/uploads\/2025\/10\/Ora-restaurant-375x562.jpg 375w, https:\/\/orahotelpriorat.com\/wp-content\/uploads\/2025\/10\/Ora-restaurant-500x750.jpg 500w, https:\/\/orahotelpriorat.com\/wp-content\/uploads\/2025\/10\/Ora-restaurant-640x960.jpg 640w, https:\/\/orahotelpriorat.com\/wp-content\/uploads\/2025\/10\/Ora-restaurant-800x1200.jpg 800w, https:\/\/orahotelpriorat.com\/wp-content\/uploads\/2025\/10\/Ora-restaurant-1024x1536.jpg 1024w, https:\/\/orahotelpriorat.com\/wp-content\/uploads\/2025\/10\/Ora-restaurant-1367x2050.jpg 1367w, https:\/\/orahotelpriorat.com\/wp-content\/uploads\/2025\/10\/Ora-restaurant.jpg 1920w, https:\/\/orahotelpriorat.com\/wp-content\/uploads\/2025\/10\/Ora-restaurant.jpg 2200w\"\n    \n    data-sizes=\"(max-width: 48em) 85vw, (max-width: 64em) 42vw, (min-width: 64em) 42vw\">\n                                            <\/div>\n                    \n                                                <\/div>\n\n            <div class=\"content\">\n                <div class=\"content-inner\">\n                                        <header>\n                                                    <h2 data-aos=\"fade-up\">El nostre Restaurant<\/h2>\n                                            <\/header>\n\n                    <article class=\"content-wrap\" data-aos=\"fade-up\" data-aos-delay=\"150\">\n                        <p>Al restaurant de l\u2019ORA Hotel, oferim un esmorzar tipus bufet delicatessen, amb fruita fresca, sucs naturals, pa r\u00fastic, una varietat de melmelades, embotits i formatges, tom\u00e0quets de proximitat, llet, cereals i caf\u00e8.<\/p>\n<p>A la nit, proposem una opci\u00f3 de sopar lleuger amb pernil ib\u00e8ric de gla, formatges assortits i embotits, perfectament combinables amb una selecci\u00f3 acurada de vins del Priorat del nostre celler, per a una experi\u00e8ncia gastron\u00f2mica relaxada i exquisida. \n(Si us plau, reserveu abans de les 17:00 h)<\/p>\n                    <\/article>\n                    \n                                    <\/div>\n            <\/div>\n        <\/div>\n    <\/section>","protected":false},"excerpt":{"rendered":"","protected":false},"author":4,"featured_media":0,"parent":0,"menu_order":0,"comment_status":"closed","ping_status":"closed","template":"","meta":{"_acf_changed":true,"footnotes":""},"class_list":["post-1727","page","type-page","status-publish","hentry"],"acf":[],"yoast_head":"<!-- This site is optimized with the Yoast SEO plugin v24.3 - https:\/\/yoast.com\/wordpress\/plugins\/seo\/ -->\n<title>Restaurant &amp; Wine - Ora Hotel Priorat<\/title>\n<meta name=\"robots\" content=\"index, follow, max-snippet:-1, max-image-preview:large, max-video-preview:-1\" \/>\n<link rel=\"canonical\" href=\"https:\/\/orahotelpriorat.com\/ca\/restaurant-wine\/\" \/>\n<meta property=\"og:locale\" content=\"ca_ES\" \/>\n<meta property=\"og:type\" content=\"article\" \/>\n<meta property=\"og:title\" content=\"Restaurant &amp; Wine - Ora Hotel Priorat\" \/>\n<meta property=\"og:url\" content=\"https:\/\/orahotelpriorat.com\/ca\/restaurant-wine\/\" \/>\n<meta property=\"og:site_name\" content=\"Ora Hotel Priorat\" \/>\n<meta property=\"article:modified_time\" content=\"2025-10-15T20:53:33+00:00\" \/>\n<meta name=\"twitter:card\" content=\"summary_large_image\" \/>\n<script type=\"application\/ld+json\" class=\"yoast-schema-graph\">{\"@context\":\"https:\/\/schema.org\",\"@graph\":[{\"@type\":\"WebPage\",\"@id\":\"https:\/\/orahotelpriorat.com\/restaurant-wine\/\",\"url\":\"https:\/\/orahotelpriorat.com\/restaurant-wine\/\",\"name\":\"Restaurant &amp; Wine - Ora Hotel Priorat\",\"isPartOf\":{\"@id\":\"https:\/\/https\/\/orapriorat.up-dev.com\/#website\"},\"datePublished\":\"2023-01-03T15:09:56+00:00\",\"dateModified\":\"2025-10-15T20:53:33+00:00\",\"breadcrumb\":{\"@id\":\"https:\/\/orahotelpriorat.com\/restaurant-wine\/#breadcrumb\"},\"inLanguage\":\"ca\",\"potentialAction\":[{\"@type\":\"ReadAction\",\"target\":[\"https:\/\/orahotelpriorat.com\/restaurant-wine\/\"]}]},{\"@type\":\"BreadcrumbList\",\"@id\":\"https:\/\/orahotelpriorat.com\/restaurant-wine\/#breadcrumb\",\"itemListElement\":[{\"@type\":\"ListItem\",\"position\":1,\"name\":\"Home\",\"item\":\"https:\/\/orahotelpriorat.com\/\"},{\"@type\":\"ListItem\",\"position\":2,\"name\":\"Restaurant &amp; Wine\"}]},{\"@type\":\"WebSite\",\"@id\":\"https:\/\/https\/\/orapriorat.up-dev.com\/#website\",\"url\":\"https:\/\/https\/\/orapriorat.up-dev.com\/\",\"name\":\"Ora Hotel Priorat\",\"description\":\"Glorious Gutenberg\",\"potentialAction\":[{\"@type\":\"SearchAction\",\"target\":{\"@type\":\"EntryPoint\",\"urlTemplate\":\"https:\/\/https\/\/orapriorat.up-dev.com\/?s={search_term_string}\"},\"query-input\":{\"@type\":\"PropertyValueSpecification\",\"valueRequired\":true,\"valueName\":\"search_term_string\"}}],\"inLanguage\":\"ca\"}]}<\/script>\n<!-- \/ Yoast SEO plugin. -->","yoast_head_json":{"title":"Restaurant &amp; Wine - Ora Hotel Priorat","robots":{"index":"index","follow":"follow","max-snippet":"max-snippet:-1","max-image-preview":"max-image-preview:large","max-video-preview":"max-video-preview:-1"},"canonical":"https:\/\/orahotelpriorat.com\/ca\/restaurant-wine\/","og_locale":"ca_ES","og_type":"article","og_title":"Restaurant &amp; Wine - Ora Hotel Priorat","og_url":"https:\/\/orahotelpriorat.com\/ca\/restaurant-wine\/","og_site_name":"Ora Hotel Priorat","article_modified_time":"2025-10-15T20:53:33+00:00","twitter_card":"summary_large_image","schema":{"@context":"https:\/\/schema.org","@graph":[{"@type":"WebPage","@id":"https:\/\/orahotelpriorat.com\/restaurant-wine\/","url":"https:\/\/orahotelpriorat.com\/restaurant-wine\/","name":"Restaurant &amp; Wine - Ora Hotel Priorat","isPartOf":{"@id":"https:\/\/https\/\/orapriorat.up-dev.com\/#website"},"datePublished":"2023-01-03T15:09:56+00:00","dateModified":"2025-10-15T20:53:33+00:00","breadcrumb":{"@id":"https:\/\/orahotelpriorat.com\/restaurant-wine\/#breadcrumb"},"inLanguage":"ca","potentialAction":[{"@type":"ReadAction","target":["https:\/\/orahotelpriorat.com\/restaurant-wine\/"]}]},{"@type":"BreadcrumbList","@id":"https:\/\/orahotelpriorat.com\/restaurant-wine\/#breadcrumb","itemListElement":[{"@type":"ListItem","position":1,"name":"Home","item":"https:\/\/orahotelpriorat.com\/"},{"@type":"ListItem","position":2,"name":"Restaurant &amp; Wine"}]},{"@type":"WebSite","@id":"https:\/\/https\/\/orapriorat.up-dev.com\/#website","url":"https:\/\/https\/\/orapriorat.up-dev.com\/","name":"Ora Hotel Priorat","description":"Glorious Gutenberg","potentialAction":[{"@type":"SearchAction","target":{"@type":"EntryPoint","urlTemplate":"https:\/\/https\/\/orapriorat.up-dev.com\/?s={search_term_string}"},"query-input":{"@type":"PropertyValueSpecification","valueRequired":true,"valueName":"search_term_string"}}],"inLanguage":"ca"}]}},"_links":{"self":[{"href":"https:\/\/orahotelpriorat.com\/ca\/wp-json\/wp\/v2\/pages\/1727","targetHints":{"allow":["GET"]}}],"collection":[{"href":"https:\/\/orahotelpriorat.com\/ca\/wp-json\/wp\/v2\/pages"}],"about":[{"href":"https:\/\/orahotelpriorat.com\/ca\/wp-json\/wp\/v2\/types\/page"}],"author":[{"embeddable":true,"href":"https:\/\/orahotelpriorat.com\/ca\/wp-json\/wp\/v2\/users\/4"}],"replies":[{"embeddable":true,"href":"https:\/\/orahotelpriorat.com\/ca\/wp-json\/wp\/v2\/comments?post=1727"}],"version-history":[{"count":0,"href":"https:\/\/orahotelpriorat.com\/ca\/wp-json\/wp\/v2\/pages\/1727\/revisions"}],"wp:attachment":[{"href":"https:\/\/orahotelpriorat.com\/ca\/wp-json\/wp\/v2\/media?parent=1727"}],"curies":[{"name":"wp","href":"https:\/\/api.w.org\/{rel}","templated":true}]}}